{"id":814,"date":"2023-10-05T17:44:44","date_gmt":"2023-10-05T17:44:44","guid":{"rendered":"https:\/\/vodeinmi.si\/?page_id=814"},"modified":"2024-03-22T14:31:28","modified_gmt":"2024-03-22T14:31:28","slug":"trgovina","status":"publish","type":"page","link":"https:\/\/vodeinmi.si\/index.php\/trgovina\/","title":{"rendered":"Trgovina"},"content":{"rendered":"\t\t<div data-elementor-type=\"wp-page\" data-elementor-id=\"814\" class=\"elementor elementor-814\">\n\t\t\t\t\t\t<section class=\"elementor-section elementor-top-section elementor-element elementor-element-iilpyv0 elementor-section-boxed elementor-section-height-default elementor-section-height-default\" data-id=\"iilpyv0\" data-element_type=\"section\" data-settings=\"{&quot;background_background&quot;:&quot;classic&quot;}\">\n\t\t\t\t\t\t\t<div class=\"elementor-background-overlay\"><\/div>\n\t\t\t\t\t\t\t<div class=\"elementor-container elementor-column-gap-default\">\n\t\t\t\t\t<div class=\"elementor-column elementor-col-100 elementor-top-column elementor-element elementor-element-fd69444\" data-id=\"fd69444\" data-element_type=\"column\">\n\t\t\t<div class=\"elementor-widget-wrap elementor-element-populated\">\n\t\t\t\t\t\t<div class=\"elementor-element elementor-element-abcc2f2 elementor-widget elementor-widget-heading\" data-id=\"abcc2f2\" data-element_type=\"widget\" data-widget_type=\"heading.default\">\n\t\t\t\t<div class=\"elementor-widget-container\">\n\t\t\t<h1 class=\"elementor-heading-title elementor-size-default\">TRGOVINA<\/h1>\t\t<\/div>\n\t\t\t\t<\/div>\n\t\t\t\t\t<\/div>\n\t\t<\/div>\n\t\t\t\t\t<\/div>\n\t\t<\/section>\n\t\t\t\t<section class=\"elementor-section elementor-top-section elementor-element elementor-element-3472e29 elementor-section-boxed elementor-section-height-default elementor-section-height-default\" data-id=\"3472e29\" data-element_type=\"section\">\n\t\t\t\t\t\t<div class=\"elementor-container elementor-column-gap-default\">\n\t\t\t\t\t<div class=\"elementor-column elementor-col-100 elementor-top-column elementor-element elementor-element-85e2a6c\" data-id=\"85e2a6c\" data-element_type=\"column\">\n\t\t\t<div class=\"elementor-widget-wrap elementor-element-populated\">\n\t\t\t\t\t\t<div class=\"elementor-element elementor-element-df6261a elementor-widget elementor-widget-spacer\" data-id=\"df6261a\" data-element_type=\"widget\" data-widget_type=\"spacer.default\">\n\t\t\t\t<div class=\"elementor-widget-container\">\n\t\t\t\t\t<div class=\"elementor-spacer\">\n\t\t\t<div class=\"elementor-spacer-inner\"><\/div>\n\t\t<\/div>\n\t\t\t\t<\/div>\n\t\t\t\t<\/div>\n\t\t\t\t\t<\/div>\n\t\t<\/div>\n\t\t\t\t\t<\/div>\n\t\t<\/section>\n\t\t\t\t<section class=\"elementor-section elementor-top-section elementor-element elementor-element-dddf2df elementor-section-boxed elementor-section-height-default elementor-section-height-default\" data-id=\"dddf2df\" data-element_type=\"section\">\n\t\t\t\t\t\t<div class=\"elementor-container elementor-column-gap-default\">\n\t\t\t\t\t<div class=\"elementor-column elementor-col-50 elementor-top-column elementor-element elementor-element-a67f1f2\" data-id=\"a67f1f2\" data-element_type=\"column\">\n\t\t\t<div class=\"elementor-widget-wrap elementor-element-populated\">\n\t\t\t\t\t\t<div class=\"elementor-element elementor-element-56f7e28 elementor-widget elementor-widget-image\" data-id=\"56f7e28\" data-element_type=\"widget\" data-widget_type=\"image.default\">\n\t\t\t\t<div class=\"elementor-widget-container\">\n\t\t\t\t\t\t\t\t\t\t\t\t\t<img fetchpriority=\"high\" decoding=\"async\" width=\"1024\" height=\"686\" src=\"https:\/\/vodeinmi.si\/wp-content\/uploads\/2023\/10\/Hanibal-lures-1024x686.jpg\" class=\"attachment-large size-large wp-image-820\" alt=\"Hanibal Lures\" srcset=\"https:\/\/vodeinmi.si\/wp-content\/uploads\/2023\/10\/Hanibal-lures-1024x686.jpg 1024w, https:\/\/vodeinmi.si\/wp-content\/uploads\/2023\/10\/Hanibal-lures-300x201.jpg 300w, https:\/\/vodeinmi.si\/wp-content\/uploads\/2023\/10\/Hanibal-lures-768x515.jpg 768w, https:\/\/vodeinmi.si\/wp-content\/uploads\/2023\/10\/Hanibal-lures.jpg 1074w\" sizes=\"(max-width: 1024px) 100vw, 1024px\" \/>\t\t\t\t\t\t\t\t\t\t\t\t\t<\/div>\n\t\t\t\t<\/div>\n\t\t\t\t\t<\/div>\n\t\t<\/div>\n\t\t\t\t<div class=\"elementor-column elementor-col-50 elementor-top-column elementor-element elementor-element-36befee\" data-id=\"36befee\" data-element_type=\"column\">\n\t\t\t<div class=\"elementor-widget-wrap elementor-element-populated\">\n\t\t\t\t\t\t<div class=\"elementor-element elementor-element-0264f6e elementor-widget elementor-widget-text-editor\" data-id=\"0264f6e\" data-element_type=\"widget\" data-widget_type=\"text-editor.default\">\n\t\t\t\t<div class=\"elementor-widget-container\">\n\t\t\t\t\t\t\t<h4><span style=\"color: #374151; font-family: S\u00f6hne, ui-sans-serif, system-ui, -apple-system, 'Segoe UI', Roboto, Ubuntu, Cantarell, 'Noto Sans', sans-serif, 'Helvetica Neue', Arial, 'Apple Color Emoji', 'Segoe UI Emoji', 'Segoe UI Symbol', 'Noto Color Emoji'; white-space-collapse: preserve; background-color: #f7f7f8;\">Ponosno predstavljamo uradnega zastopnika za Hannibal Lures, va\u0161ega zanesljivega partnerja za najkakovostnej\u0161e ribi\u0161ke vabe na tr\u017ei\u0161\u010du. Na\u0161a strast do ribolova in izjemno sodelovanje z blagovno znamko Hannibal Lures nam omogo\u010dajo, da vam ponudimo najnovej\u0161e in najbolj inovativne izdelke za izbolj\u0161anje va\u0161ih ribi\u0161kih izku\u0161enj.<\/span><\/h4>\t\t\t\t\t\t<\/div>\n\t\t\t\t<\/div>\n\t\t\t\t<div class=\"elementor-element elementor-element-459298e elementor-widget__width-initial elementor-widget elementor-widget-button\" data-id=\"459298e\" data-element_type=\"widget\" data-widget_type=\"button.default\">\n\t\t\t\t<div class=\"elementor-widget-container\">\n\t\t\t\t\t\t\t<div class=\"elementor-button-wrapper\">\n\t\t\t\t\t<a class=\"elementor-button elementor-button-link elementor-size-sm\" href=\"https:\/\/vodeinmi.si\/index.php\/vabe-hannibal\/\">\n\t\t\t\t\t\t<span class=\"elementor-button-content-wrapper\">\n\t\t\t\t\t\t\t\t\t<span class=\"elementor-button-text\">Preveri tukaj<\/span>\n\t\t\t\t\t<\/span>\n\t\t\t\t\t<\/a>\n\t\t\t\t<\/div>\n\t\t\t\t\t\t<\/div>\n\t\t\t\t<\/div>\n\t\t\t\t\t<\/div>\n\t\t<\/div>\n\t\t\t\t\t<\/div>\n\t\t<\/section>\n\t\t\t\t<section class=\"elementor-section elementor-top-section elementor-element elementor-element-617da2d elementor-section-boxed elementor-section-height-default elementor-section-height-default\" data-id=\"617da2d\" data-element_type=\"section\">\n\t\t\t\t\t\t<div class=\"elementor-container elementor-column-gap-default\">\n\t\t\t\t\t<div class=\"elementor-column elementor-col-50 elementor-top-column elementor-element elementor-element-26de14b\" data-id=\"26de14b\" data-element_type=\"column\">\n\t\t\t<div class=\"elementor-widget-wrap elementor-element-populated\">\n\t\t\t\t\t\t<div class=\"elementor-element elementor-element-b1b5953 elementor-widget elementor-widget-image\" data-id=\"b1b5953\" data-element_type=\"widget\" data-widget_type=\"image.default\">\n\t\t\t\t<div class=\"elementor-widget-container\">\n\t\t\t\t\t\t\t\t\t\t\t\t\t<img decoding=\"async\" width=\"890\" height=\"1024\" src=\"https:\/\/vodeinmi.si\/wp-content\/uploads\/2023\/10\/382745780_10230701054060588_3449375721494487053_n-890x1024.jpg\" class=\"attachment-large size-large wp-image-822\" alt=\"Zalo\u017eba Racoon\" srcset=\"https:\/\/vodeinmi.si\/wp-content\/uploads\/2023\/10\/382745780_10230701054060588_3449375721494487053_n-890x1024.jpg 890w, https:\/\/vodeinmi.si\/wp-content\/uploads\/2023\/10\/382745780_10230701054060588_3449375721494487053_n-261x300.jpg 261w, https:\/\/vodeinmi.si\/wp-content\/uploads\/2023\/10\/382745780_10230701054060588_3449375721494487053_n-768x884.jpg 768w, https:\/\/vodeinmi.si\/wp-content\/uploads\/2023\/10\/382745780_10230701054060588_3449375721494487053_n-1335x1536.jpg 1335w, https:\/\/vodeinmi.si\/wp-content\/uploads\/2023\/10\/382745780_10230701054060588_3449375721494487053_n.jpg 1780w\" sizes=\"(max-width: 890px) 100vw, 890px\" \/>\t\t\t\t\t\t\t\t\t\t\t\t\t<\/div>\n\t\t\t\t<\/div>\n\t\t\t\t\t<\/div>\n\t\t<\/div>\n\t\t\t\t<div class=\"elementor-column elementor-col-50 elementor-top-column elementor-element elementor-element-e1841f5\" data-id=\"e1841f5\" data-element_type=\"column\">\n\t\t\t<div class=\"elementor-widget-wrap elementor-element-populated\">\n\t\t\t\t\t\t<div class=\"elementor-element elementor-element-832a2e4 elementor-widget elementor-widget-text-editor\" data-id=\"832a2e4\" data-element_type=\"widget\" data-widget_type=\"text-editor.default\">\n\t\t\t\t<div class=\"elementor-widget-container\">\n\t\t\t\t\t\t\t<h4><span style=\"color: #374151; font-family: S\u00f6hne, ui-sans-serif, system-ui, -apple-system, 'Segoe UI', Roboto, Ubuntu, Cantarell, 'Noto Sans', sans-serif, 'Helvetica Neue', Arial, 'Apple Color Emoji', 'Segoe UI Emoji', 'Segoe UI Symbol', 'Noto Color Emoji'; white-space-collapse: preserve; background-color: #f7f7f8;\">Zalo\u017eba Racoon je ponosna, da vam nudi dostop do najve\u010djega zaklada ribi\u0161ke literature na svetu. Ne glede na to, ali ste strasten ribi\u010d, zbiratelj knjig ali zgolj ljubitelj narave, boste v na\u0161i zbirki na\u0161li literaturo, ki vam bo pomagala raziskovati in bolje razumeti \u010daroben svet ribolova. Pridru\u017eite se nam in raz\u0161irite svoje obzorje na tem edinstvenem podro\u010dju!<\/span><\/h4>\t\t\t\t\t\t<\/div>\n\t\t\t\t<\/div>\n\t\t\t\t<div class=\"elementor-element elementor-element-151b324 elementor-widget__width-initial elementor-widget elementor-widget-button\" data-id=\"151b324\" data-element_type=\"widget\" data-widget_type=\"button.default\">\n\t\t\t\t<div class=\"elementor-widget-container\">\n\t\t\t\t\t\t\t<div class=\"elementor-button-wrapper\">\n\t\t\t\t\t<a class=\"elementor-button elementor-button-link elementor-size-sm\" href=\"https:\/\/vodeinmi.si\/index.php\/knjige-za-ribice-in-lovce\/\">\n\t\t\t\t\t\t<span class=\"elementor-button-content-wrapper\">\n\t\t\t\t\t\t\t\t\t<span class=\"elementor-button-text\">Preveri tukaj<\/span>\n\t\t\t\t\t<\/span>\n\t\t\t\t\t<\/a>\n\t\t\t\t<\/div>\n\t\t\t\t\t\t<\/div>\n\t\t\t\t<\/div>\n\t\t\t\t\t<\/div>\n\t\t<\/div>\n\t\t\t\t\t<\/div>\n\t\t<\/section>\n\t\t\t\t<section class=\"elementor-section elementor-top-section elementor-element elementor-element-cd29ce2 elementor-section-boxed elementor-section-height-default elementor-section-height-default\" data-id=\"cd29ce2\" data-element_type=\"section\">\n\t\t\t\t\t\t<div class=\"elementor-container elementor-column-gap-default\">\n\t\t\t\t\t<div class=\"elementor-column elementor-col-50 elementor-top-column elementor-element elementor-element-e40eaae\" data-id=\"e40eaae\" data-element_type=\"column\">\n\t\t\t<div class=\"elementor-widget-wrap elementor-element-populated\">\n\t\t\t\t\t\t<div class=\"elementor-element elementor-element-6804caa elementor-widget elementor-widget-image\" data-id=\"6804caa\" data-element_type=\"widget\" data-widget_type=\"image.default\">\n\t\t\t\t<div class=\"elementor-widget-container\">\n\t\t\t\t\t\t\t\t\t\t\t\t\t<img decoding=\"async\" width=\"1024\" height=\"683\" src=\"https:\/\/vodeinmi.si\/wp-content\/uploads\/2023\/10\/382745251_10230701107461923_5032668371489491811_n-1024x683.jpg\" class=\"attachment-large size-large wp-image-823\" alt=\"Bakreni kotli\u010dki\" srcset=\"https:\/\/vodeinmi.si\/wp-content\/uploads\/2023\/10\/382745251_10230701107461923_5032668371489491811_n-1024x683.jpg 1024w, https:\/\/vodeinmi.si\/wp-content\/uploads\/2023\/10\/382745251_10230701107461923_5032668371489491811_n-300x200.jpg 300w, https:\/\/vodeinmi.si\/wp-content\/uploads\/2023\/10\/382745251_10230701107461923_5032668371489491811_n-768x512.jpg 768w, https:\/\/vodeinmi.si\/wp-content\/uploads\/2023\/10\/382745251_10230701107461923_5032668371489491811_n-1536x1024.jpg 1536w, https:\/\/vodeinmi.si\/wp-content\/uploads\/2023\/10\/382745251_10230701107461923_5032668371489491811_n.jpg 2048w\" sizes=\"(max-width: 1024px) 100vw, 1024px\" \/>\t\t\t\t\t\t\t\t\t\t\t\t\t<\/div>\n\t\t\t\t<\/div>\n\t\t\t\t\t<\/div>\n\t\t<\/div>\n\t\t\t\t<div class=\"elementor-column elementor-col-50 elementor-top-column elementor-element elementor-element-80e6c91\" data-id=\"80e6c91\" data-element_type=\"column\">\n\t\t\t<div class=\"elementor-widget-wrap elementor-element-populated\">\n\t\t\t\t\t\t<div class=\"elementor-element elementor-element-7d8ab87 elementor-widget elementor-widget-text-editor\" data-id=\"7d8ab87\" data-element_type=\"widget\" data-widget_type=\"text-editor.default\">\n\t\t\t\t<div class=\"elementor-widget-container\">\n\t\t\t\t\t\t\t<h4>Nobena hi\u0161a nebi smela biti brez kotli\u010dka. Priprava hrane zunaj je veliko bolj zabavna, jed pa veliko bolj tekne! \u0160e nimate kotli\u010dka? Zdaj veste, da si ga morete omisliti! Pri nas lahko naro\u010dite razli\u010dne veli\u010dine bakrenih koli\u010dkov!<\/h4>\t\t\t\t\t\t<\/div>\n\t\t\t\t<\/div>\n\t\t\t\t<div class=\"elementor-element elementor-element-7f34738 elementor-widget__width-initial elementor-widget elementor-widget-button\" data-id=\"7f34738\" data-element_type=\"widget\" data-widget_type=\"button.default\">\n\t\t\t\t<div class=\"elementor-widget-container\">\n\t\t\t\t\t\t\t<div class=\"elementor-button-wrapper\">\n\t\t\t\t\t<a class=\"elementor-button elementor-button-link elementor-size-sm\" href=\"https:\/\/vodeinmi.si\/index.php\/bakreni-kotlicki\/\">\n\t\t\t\t\t\t<span class=\"elementor-button-content-wrapper\">\n\t\t\t\t\t\t\t\t\t<span class=\"elementor-button-text\">Preveri tukaj<\/span>\n\t\t\t\t\t<\/span>\n\t\t\t\t\t<\/a>\n\t\t\t\t<\/div>\n\t\t\t\t\t\t<\/div>\n\t\t\t\t<\/div>\n\t\t\t\t\t<\/div>\n\t\t<\/div>\n\t\t\t\t\t<\/div>\n\t\t<\/section>\n\t\t\t\t<section class=\"elementor-section elementor-top-section elementor-element elementor-element-7107f4c elementor-section-boxed elementor-section-height-default elementor-section-height-default\" data-id=\"7107f4c\" data-element_type=\"section\">\n\t\t\t\t\t\t<div class=\"elementor-container elementor-column-gap-default\">\n\t\t\t\t\t<div class=\"elementor-column elementor-col-50 elementor-top-column elementor-element elementor-element-ad97542\" data-id=\"ad97542\" data-element_type=\"column\">\n\t\t\t<div class=\"elementor-widget-wrap elementor-element-populated\">\n\t\t\t\t\t\t<div class=\"elementor-element elementor-element-4955900 elementor-widget elementor-widget-image\" data-id=\"4955900\" data-element_type=\"widget\" data-widget_type=\"image.default\">\n\t\t\t\t<div class=\"elementor-widget-container\">\n\t\t\t\t\t\t\t\t\t\t\t\t\t<img loading=\"lazy\" decoding=\"async\" width=\"719\" height=\"1024\" src=\"https:\/\/vodeinmi.si\/wp-content\/uploads\/2023\/12\/402648181_10231063607124188_4180931281905598639_n-719x1024.jpg\" class=\"attachment-large size-large wp-image-1172\" alt=\"Veliki ribi\u0161ki koledar 2024\" srcset=\"https:\/\/vodeinmi.si\/wp-content\/uploads\/2023\/12\/402648181_10231063607124188_4180931281905598639_n-719x1024.jpg 719w, https:\/\/vodeinmi.si\/wp-content\/uploads\/2023\/12\/402648181_10231063607124188_4180931281905598639_n-211x300.jpg 211w, https:\/\/vodeinmi.si\/wp-content\/uploads\/2023\/12\/402648181_10231063607124188_4180931281905598639_n-768x1094.jpg 768w, https:\/\/vodeinmi.si\/wp-content\/uploads\/2023\/12\/402648181_10231063607124188_4180931281905598639_n-1079x1536.jpg 1079w, https:\/\/vodeinmi.si\/wp-content\/uploads\/2023\/12\/402648181_10231063607124188_4180931281905598639_n.jpg 1438w\" sizes=\"(max-width: 719px) 100vw, 719px\" \/>\t\t\t\t\t\t\t\t\t\t\t\t\t<\/div>\n\t\t\t\t<\/div>\n\t\t\t\t\t<\/div>\n\t\t<\/div>\n\t\t\t\t<div class=\"elementor-column elementor-col-50 elementor-top-column elementor-element elementor-element-e6ac916\" data-id=\"e6ac916\" data-element_type=\"column\">\n\t\t\t<div class=\"elementor-widget-wrap elementor-element-populated\">\n\t\t\t\t\t\t<div class=\"elementor-element elementor-element-0c521b7 elementor-widget elementor-widget-text-editor\" data-id=\"0c521b7\" data-element_type=\"widget\" data-widget_type=\"text-editor.default\">\n\t\t\t\t<div class=\"elementor-widget-container\">\n\t\t\t\t\t\t\t<h4><span style=\"color: #374151; font-family: S\u00f6hne, ui-sans-serif, system-ui, -apple-system, 'Segoe UI', Roboto, Ubuntu, Cantarell, 'Noto Sans', sans-serif, 'Helvetica Neue', Arial, 'Apple Color Emoji', 'Segoe UI Emoji', 'Segoe UI Symbol', 'Noto Color Emoji'; white-space-collapse: preserve; background-color: #f7f7f8;\">Ponosno vam predstavljamo Veliki ribi\u0161ki koledar, ki \u017ee ve\u010d kot 25 let o\u010dara ljubitelje ribolova po vsej Sloveniji in drugod. Ta posebni jubilejni izdelek zdru\u017euje \u010dar ribi\u0161ke umetnosti, prelepe narave in \u010dudovitih deklet, vse v enem izjemnem koledarju, ki postane nujen sopotnik vsakega strastnega ribi\u010da.<\/span><\/h4>\t\t\t\t\t\t<\/div>\n\t\t\t\t<\/div>\n\t\t\t\t<div class=\"elementor-element elementor-element-ceeb0c7 elementor-widget__width-initial elementor-widget elementor-widget-button\" data-id=\"ceeb0c7\" data-element_type=\"widget\" data-widget_type=\"button.default\">\n\t\t\t\t<div class=\"elementor-widget-container\">\n\t\t\t\t\t\t\t<div class=\"elementor-button-wrapper\">\n\t\t\t\t\t<a class=\"elementor-button elementor-button-link elementor-size-md\" href=\"https:\/\/vodeinmi.si\/index.php\/veliki-ribiski-koledar\/\">\n\t\t\t\t\t\t<span class=\"elementor-button-content-wrapper\">\n\t\t\t\t\t\t\t\t\t<span class=\"elementor-button-text\">Preveri tukaj<\/span>\n\t\t\t\t\t<\/span>\n\t\t\t\t\t<\/a>\n\t\t\t\t<\/div>\n\t\t\t\t\t\t<\/div>\n\t\t\t\t<\/div>\n\t\t\t\t\t<\/div>\n\t\t<\/div>\n\t\t\t\t\t<\/div>\n\t\t<\/section>\n\t\t\t\t<section class=\"elementor-section elementor-top-section elementor-element elementor-element-2ea15ee elementor-section-boxed elementor-section-height-default elementor-section-height-default\" data-id=\"2ea15ee\" data-element_type=\"section\">\n\t\t\t\t\t\t<div class=\"elementor-container elementor-column-gap-default\">\n\t\t\t\t\t<div class=\"elementor-column elementor-col-100 elementor-top-column elementor-element elementor-element-d4cedcd\" data-id=\"d4cedcd\" data-element_type=\"column\">\n\t\t\t<div class=\"elementor-widget-wrap elementor-element-populated\">\n\t\t\t\t\t\t<div class=\"elementor-element elementor-element-5b6c640 elementor-widget elementor-widget-spacer\" data-id=\"5b6c640\" data-element_type=\"widget\" data-widget_type=\"spacer.default\">\n\t\t\t\t<div class=\"elementor-widget-container\">\n\t\t\t\t\t<div class=\"elementor-spacer\">\n\t\t\t<div class=\"elementor-spacer-inner\"><\/div>\n\t\t<\/div>\n\t\t\t\t<\/div>\n\t\t\t\t<\/div>\n\t\t\t\t\t<\/div>\n\t\t<\/div>\n\t\t\t\t\t<\/div>\n\t\t<\/section>\n\t\t\t\t<\/div>\n\t\t","protected":false},"excerpt":{"rendered":"<p>TRGOVINA Ponosno predstavljamo uradnega zastopnika za Hannibal Lures, va\u0161ega zanesljivega partnerja za najkakovostnej\u0161e ribi\u0161ke vabe na tr\u017ei\u0161\u010du. Na\u0161a strast do ribolova in izjemno sodelovanje z blagovno znamko Hannibal Lures nam omogo\u010dajo, da vam ponudimo najnovej\u0161e in najbolj inovativne izdelke za izbolj\u0161anje va\u0161ih ribi\u0161kih izku\u0161enj. Preveri tukaj Zalo\u017eba Racoon je ponosna, da vam nudi dostop do [&hellip;]<\/p>\n","protected":false},"author":1,"featured_media":0,"parent":0,"menu_order":0,"comment_status":"closed","ping_status":"closed","template":"","meta":{"site-sidebar-layout":"no-sidebar","site-content-layout":"page-builder","ast-site-content-layout":"","site-content-style":"default","site-sidebar-style":"default","ast-global-header-display":"","ast-banner-title-visibility":"","ast-main-header-display":"","ast-hfb-above-header-display":"","ast-hfb-below-header-display":"","ast-hfb-mobile-header-display":"","site-post-title":"disabled","ast-breadcrumbs-content":"","ast-featured-img":"disabled","footer-sml-layout":"","theme-transparent-header-meta":"","adv-header-id-meta":"","stick-header-meta":"","header-above-stick-meta":"","header-main-stick-meta":"","header-below-stick-meta":"","astra-migrate-meta-layouts":"default","ast-page-background-enabled":"default","ast-page-background-meta":{"desktop":{"background-color":"","background-image":"","background-repeat":"repeat","background-position":"center center","background-size":"auto","background-attachment":"scroll","background-type":"","background-media":"","overlay-type":"","overlay-color":"","overlay-opacity":"","overlay-gradient":""},"tablet":{"background-color":"","background-image":"","background-repeat":"repeat","background-position":"center center","background-size":"auto","background-attachment":"scroll","background-type":"","background-media":"","overlay-type":"","overlay-color":"","overlay-opacity":"","overlay-gradient":""},"mobile":{"background-color":"","background-image":"","background-repeat":"repeat","background-position":"center center","background-size":"auto","background-attachment":"scroll","background-type":"","background-media":"","overlay-type":"","overlay-color":"","overlay-opacity":"","overlay-gradient":""}},"ast-content-background-meta":{"desktop":{"background-color":"var(--ast-global-color-5)","background-image":"","background-repeat":"repeat","background-position":"center center","background-size":"auto","background-attachment":"scroll","background-type":"","background-media":"","overlay-type":"","overlay-color":"","overlay-opacity":"","overlay-gradient":""},"tablet":{"background-color":"var(--ast-global-color-5)","background-image":"","background-repeat":"repeat","background-position":"center center","background-size":"auto","background-attachment":"scroll","background-type":"","background-media":"","overlay-type":"","overlay-color":"","overlay-opacity":"","overlay-gradient":""},"mobile":{"background-color":"var(--ast-global-color-5)","background-image":"","background-repeat":"repeat","background-position":"center center","background-size":"auto","background-attachment":"scroll","background-type":"","background-media":"","overlay-type":"","overlay-color":"","overlay-opacity":"","overlay-gradient":""}},"footnotes":""},"class_list":["post-814","page","type-page","status-publish","hentry"],"_links":{"self":[{"href":"https:\/\/vodeinmi.si\/index.php\/wp-json\/wp\/v2\/pages\/814","targetHints":{"allow":["GET"]}}],"collection":[{"href":"https:\/\/vodeinmi.si\/index.php\/wp-json\/wp\/v2\/pages"}],"about":[{"href":"https:\/\/vodeinmi.si\/index.php\/wp-json\/wp\/v2\/types\/page"}],"author":[{"embeddable":true,"href":"https:\/\/vodeinmi.si\/index.php\/wp-json\/wp\/v2\/users\/1"}],"replies":[{"embeddable":true,"href":"https:\/\/vodeinmi.si\/index.php\/wp-json\/wp\/v2\/comments?post=814"}],"version-history":[{"count":62,"href":"https:\/\/vodeinmi.si\/index.php\/wp-json\/wp\/v2\/pages\/814\/revisions"}],"predecessor-version":[{"id":1335,"href":"https:\/\/vodeinmi.si\/index.php\/wp-json\/wp\/v2\/pages\/814\/revisions\/1335"}],"wp:attachment":[{"href":"https:\/\/vodeinmi.si\/index.php\/wp-json\/wp\/v2\/media?parent=814"}],"curies":[{"name":"wp","href":"https:\/\/api.w.org\/{rel}","templated":true}]}}